{"id":9,"date":"2021-01-13T13:42:01","date_gmt":"2021-01-13T13:42:01","guid":{"rendered":"http:\/\/investribico.zeus.umh.es\/presentacion\/"},"modified":"2025-12-18T12:38:43","modified_gmt":"2025-12-18T11:38:43","slug":"presentacion","status":"publish","type":"page","link":"https:\/\/investribico.umh.es\/en\/presentacion\/","title":{"rendered":"Presentaci\u00f3n"},"content":{"rendered":"<p>P\u00e1gina de presentaci\u00f3n de la unidad organizativa<\/p>","protected":false},"excerpt":{"rendered":"<p>P\u00e1gina de presentaci\u00f3n de la unidad organizativa<\/p>\n","protected":false},"author":1,"featured_media":0,"parent":0,"menu_order":0,"comment_status":"closed","ping_status":"open","template":"","meta":{"_links_to":"","_links_to_target":""},"_links":{"self":[{"href":"https:\/\/investribico.umh.es\/en\/wp-json\/wp\/v2\/pages\/9"}],"collection":[{"href":"https:\/\/investribico.umh.es\/en\/wp-json\/wp\/v2\/pages"}],"about":[{"href":"https:\/\/investribico.umh.es\/en\/wp-json\/wp\/v2\/types\/page"}],"author":[{"embeddable":true,"href":"https:\/\/investribico.umh.es\/en\/wp-json\/wp\/v2\/users\/1"}],"replies":[{"embeddable":true,"href":"https:\/\/investribico.umh.es\/en\/wp-json\/wp\/v2\/comments?post=9"}],"version-history":[{"count":0,"href":"https:\/\/investribico.umh.es\/en\/wp-json\/wp\/v2\/pages\/9\/revisions"}],"wp:attachment":[{"href":"https:\/\/investribico.umh.es\/en\/wp-json\/wp\/v2\/media?parent=9"}],"curies":[{"name":"wp","href":"https:\/\/api.w.org\/{rel}","templated":true}]}}